{"id":10,"date":"2025-02-14T09:36:25","date_gmt":"2025-02-14T08:36:25","guid":{"rendered":"https:\/\/veiraxweb.com\/servicios\/producto\/pack-marketing-digital-enterprise\/"},"modified":"2025-03-28T12:48:31","modified_gmt":"2025-03-28T11:48:31","slug":"pack-marketing-digital-enterprise","status":"publish","type":"product","link":"https:\/\/veiraxweb.com\/servicios\/servicio\/pack-marketing-digital-enterprise\/","title":{"rendered":"Pack Marketing Digital Enterprise (renovaci\u00f3n mensual)"},"content":{"rendered":"<h2>SEO on page<\/h2>\n<p>Mejora activa de las p\u00e1ginas del sitio web.<\/p>\n<h2>SEO Local<\/h2>\n<p>Gesti\u00f3n de ficha de Google My Business<\/p>\n<h2>SEM<\/h2>\n<p>Creaci\u00f3n y mantenimiento de campa\u00f1as publicitarias en Google Ads &amp; Meta (Facebook + Instagram)<\/p>\n<h2>Marketing de contenidos<\/h2>\n<p>Publicaci\u00f3n de art\u00edculos en blog.<\/p>\n<h2>RRSS<\/h2>\n<p>Gesti\u00f3n y publicaci\u00f3n en redes sociales.<\/p>\n<p>&nbsp;<\/p>\n","protected":false},"excerpt":{"rendered":"<p>SEO on page Mejora activa de las p\u00e1ginas del sitio web. SEO Local Gesti\u00f3n de ficha de Google My Business SEM Creaci\u00f3n y mantenimiento de campa\u00f1as publicitarias en Google Ads &amp; Meta (Facebook + Instagram) Marketing de contenidos Publicaci\u00f3n de art\u00edculos en blog. RRSS Gesti\u00f3n y publicaci\u00f3n en redes sociales. &nbsp;<\/p>\n","protected":false},"featured_media":11,"comment_status":"closed","ping_status":"open","template":"","meta":{"_et_pb_use_builder":"","_et_pb_old_content":"","_et_gb_content_width":""},"product_brand":[],"product_cat":[16],"product_tag":[],"class_list":{"0":"post-10","1":"product","2":"type-product","3":"status-publish","4":"has-post-thumbnail","6":"product_cat-seo","8":"first","9":"instock","10":"virtual","11":"taxable","12":"purchasable","13":"product-type-simple"},"yoast_head":"<!-- This site is optimized with the Yoast SEO Premium plugin v26.1 (Yoast SEO v26.1.1) - https:\/\/yoast.com\/wordpress\/plugins\/seo\/ -->\n<title>Pack Marketing Digital Enterprise (renovaci\u00f3n mensual) - Servicios<\/title>\n<meta name=\"robots\" content=\"noindex, follow, max-snippet:-1, max-image-preview:large, max-video-preview:-1\" \/>\n<meta property=\"og:locale\" content=\"es_ES\" \/>\n<meta property=\"og:type\" content=\"article\" \/>\n<meta property=\"og:title\" content=\"Pack Marketing Digital Enterprise (renovaci\u00f3n mensual)\" \/>\n<meta property=\"og:description\" content=\"SEO on page Mejora activa de las p\u00e1ginas del sitio web. SEO Local Gesti\u00f3n de ficha de Google My Business SEM Creaci\u00f3n y mantenimiento de campa\u00f1as publicitarias en Google Ads &amp; Meta (Facebook + Instagram) Marketing de contenidos Publicaci\u00f3n de art\u00edculos en blog. RRSS Gesti\u00f3n y publicaci\u00f3n en redes sociales. &nbsp;\" \/>\n<meta property=\"og:url\" content=\"https:\/\/veiraxweb.com\/servicios\/servicio\/pack-marketing-digital-enterprise\/\" \/>\n<meta property=\"og:site_name\" content=\"Servicios\" \/>\n<meta property=\"article:modified_time\" content=\"2025-03-28T11:48:31+00:00\" \/>\n<meta property=\"og:image\" content=\"https:\/\/veiraxweb.com\/servicios\/wp-content\/uploads\/sites\/2\/2025\/03\/Gemini_Generated_Image_l8b6pl8b6pl8b6pl.jpeg\" \/>\n\t<meta property=\"og:image:width\" content=\"1600\" \/>\n\t<meta property=\"og:image:height\" content=\"1537\" \/>\n\t<meta property=\"og:image:type\" content=\"image\/jpeg\" \/>\n<meta name=\"twitter:card\" content=\"summary_large_image\" \/>\n<script type=\"application\/ld+json\" class=\"yoast-schema-graph\">{\"@context\":\"https:\/\/schema.org\",\"@graph\":[{\"@type\":\"WebPage\",\"@id\":\"https:\/\/veiraxweb.com\/servicios\/servicio\/pack-marketing-digital-enterprise\/\",\"url\":\"https:\/\/veiraxweb.com\/servicios\/servicio\/pack-marketing-digital-enterprise\/\",\"name\":\"Pack Marketing Digital Enterprise (renovaci\u00f3n mensual) - Servicios\",\"isPartOf\":{\"@id\":\"https:\/\/veiraxweb.com\/servicios\/#website\"},\"primaryImageOfPage\":{\"@id\":\"https:\/\/veiraxweb.com\/servicios\/servicio\/pack-marketing-digital-enterprise\/#primaryimage\"},\"image\":{\"@id\":\"https:\/\/veiraxweb.com\/servicios\/servicio\/pack-marketing-digital-enterprise\/#primaryimage\"},\"thumbnailUrl\":\"https:\/\/veiraxweb.com\/servicios\/wp-content\/uploads\/sites\/2\/2025\/03\/Gemini_Generated_Image_l8b6pl8b6pl8b6pl.jpeg\",\"datePublished\":\"2025-02-14T08:36:25+00:00\",\"dateModified\":\"2025-03-28T11:48:31+00:00\",\"breadcrumb\":{\"@id\":\"https:\/\/veiraxweb.com\/servicios\/servicio\/pack-marketing-digital-enterprise\/#breadcrumb\"},\"inLanguage\":\"es\",\"potentialAction\":[{\"@type\":\"ReadAction\",\"target\":[\"https:\/\/veiraxweb.com\/servicios\/servicio\/pack-marketing-digital-enterprise\/\"]}]},{\"@type\":\"ImageObject\",\"inLanguage\":\"es\",\"@id\":\"https:\/\/veiraxweb.com\/servicios\/servicio\/pack-marketing-digital-enterprise\/#primaryimage\",\"url\":\"https:\/\/veiraxweb.com\/servicios\/wp-content\/uploads\/sites\/2\/2025\/03\/Gemini_Generated_Image_l8b6pl8b6pl8b6pl.jpeg\",\"contentUrl\":\"https:\/\/veiraxweb.com\/servicios\/wp-content\/uploads\/sites\/2\/2025\/03\/Gemini_Generated_Image_l8b6pl8b6pl8b6pl.jpeg\",\"width\":1600,\"height\":1537},{\"@type\":\"BreadcrumbList\",\"@id\":\"https:\/\/veiraxweb.com\/servicios\/servicio\/pack-marketing-digital-enterprise\/#breadcrumb\",\"itemListElement\":[{\"@type\":\"ListItem\",\"position\":1,\"name\":\"Portada\",\"item\":\"https:\/\/veiraxweb.com\/servicios\/\"},{\"@type\":\"ListItem\",\"position\":2,\"name\":\"Servicios de dise\u00f1o web, hosting y SEO\",\"item\":\"https:\/\/veiraxweb.com\/servicios\/tienda\/\"},{\"@type\":\"ListItem\",\"position\":3,\"name\":\"Pack Marketing Digital Enterprise (renovaci\u00f3n mensual)\"}]},{\"@type\":\"WebSite\",\"@id\":\"https:\/\/veiraxweb.com\/servicios\/#website\",\"url\":\"https:\/\/veiraxweb.com\/servicios\/\",\"name\":\"Servicios\",\"description\":\"\",\"potentialAction\":[{\"@type\":\"SearchAction\",\"target\":{\"@type\":\"EntryPoint\",\"urlTemplate\":\"https:\/\/veiraxweb.com\/servicios\/?s={search_term_string}\"},\"query-input\":{\"@type\":\"PropertyValueSpecification\",\"valueRequired\":true,\"valueName\":\"search_term_string\"}}],\"inLanguage\":\"es\"}]}<\/script>\n<!-- \/ Yoast SEO Premium plugin. -->","yoast_head_json":{"title":"Pack Marketing Digital Enterprise (renovaci\u00f3n mensual) - Servicios","robots":{"index":"noindex","follow":"follow","max-snippet":"max-snippet:-1","max-image-preview":"max-image-preview:large","max-video-preview":"max-video-preview:-1"},"og_locale":"es_ES","og_type":"article","og_title":"Pack Marketing Digital Enterprise (renovaci\u00f3n mensual)","og_description":"SEO on page Mejora activa de las p\u00e1ginas del sitio web. SEO Local Gesti\u00f3n de ficha de Google My Business SEM Creaci\u00f3n y mantenimiento de campa\u00f1as publicitarias en Google Ads &amp; Meta (Facebook + Instagram) Marketing de contenidos Publicaci\u00f3n de art\u00edculos en blog. RRSS Gesti\u00f3n y publicaci\u00f3n en redes sociales. &nbsp;","og_url":"https:\/\/veiraxweb.com\/servicios\/servicio\/pack-marketing-digital-enterprise\/","og_site_name":"Servicios","article_modified_time":"2025-03-28T11:48:31+00:00","og_image":[{"width":1600,"height":1537,"url":"https:\/\/veiraxweb.com\/servicios\/wp-content\/uploads\/sites\/2\/2025\/03\/Gemini_Generated_Image_l8b6pl8b6pl8b6pl.jpeg","type":"image\/jpeg"}],"twitter_card":"summary_large_image","schema":{"@context":"https:\/\/schema.org","@graph":[{"@type":"WebPage","@id":"https:\/\/veiraxweb.com\/servicios\/servicio\/pack-marketing-digital-enterprise\/","url":"https:\/\/veiraxweb.com\/servicios\/servicio\/pack-marketing-digital-enterprise\/","name":"Pack Marketing Digital Enterprise (renovaci\u00f3n mensual) - Servicios","isPartOf":{"@id":"https:\/\/veiraxweb.com\/servicios\/#website"},"primaryImageOfPage":{"@id":"https:\/\/veiraxweb.com\/servicios\/servicio\/pack-marketing-digital-enterprise\/#primaryimage"},"image":{"@id":"https:\/\/veiraxweb.com\/servicios\/servicio\/pack-marketing-digital-enterprise\/#primaryimage"},"thumbnailUrl":"https:\/\/veiraxweb.com\/servicios\/wp-content\/uploads\/sites\/2\/2025\/03\/Gemini_Generated_Image_l8b6pl8b6pl8b6pl.jpeg","datePublished":"2025-02-14T08:36:25+00:00","dateModified":"2025-03-28T11:48:31+00:00","breadcrumb":{"@id":"https:\/\/veiraxweb.com\/servicios\/servicio\/pack-marketing-digital-enterprise\/#breadcrumb"},"inLanguage":"es","potentialAction":[{"@type":"ReadAction","target":["https:\/\/veiraxweb.com\/servicios\/servicio\/pack-marketing-digital-enterprise\/"]}]},{"@type":"ImageObject","inLanguage":"es","@id":"https:\/\/veiraxweb.com\/servicios\/servicio\/pack-marketing-digital-enterprise\/#primaryimage","url":"https:\/\/veiraxweb.com\/servicios\/wp-content\/uploads\/sites\/2\/2025\/03\/Gemini_Generated_Image_l8b6pl8b6pl8b6pl.jpeg","contentUrl":"https:\/\/veiraxweb.com\/servicios\/wp-content\/uploads\/sites\/2\/2025\/03\/Gemini_Generated_Image_l8b6pl8b6pl8b6pl.jpeg","width":1600,"height":1537},{"@type":"BreadcrumbList","@id":"https:\/\/veiraxweb.com\/servicios\/servicio\/pack-marketing-digital-enterprise\/#breadcrumb","itemListElement":[{"@type":"ListItem","position":1,"name":"Portada","item":"https:\/\/veiraxweb.com\/servicios\/"},{"@type":"ListItem","position":2,"name":"Servicios de dise\u00f1o web, hosting y SEO","item":"https:\/\/veiraxweb.com\/servicios\/tienda\/"},{"@type":"ListItem","position":3,"name":"Pack Marketing Digital Enterprise (renovaci\u00f3n mensual)"}]},{"@type":"WebSite","@id":"https:\/\/veiraxweb.com\/servicios\/#website","url":"https:\/\/veiraxweb.com\/servicios\/","name":"Servicios","description":"","potentialAction":[{"@type":"SearchAction","target":{"@type":"EntryPoint","urlTemplate":"https:\/\/veiraxweb.com\/servicios\/?s={search_term_string}"},"query-input":{"@type":"PropertyValueSpecification","valueRequired":true,"valueName":"search_term_string"}}],"inLanguage":"es"}]}},"_links":{"self":[{"href":"https:\/\/veiraxweb.com\/servicios\/wp-json\/wp\/v2\/product\/10","targetHints":{"allow":["GET"]}}],"collection":[{"href":"https:\/\/veiraxweb.com\/servicios\/wp-json\/wp\/v2\/product"}],"about":[{"href":"https:\/\/veiraxweb.com\/servicios\/wp-json\/wp\/v2\/types\/product"}],"replies":[{"embeddable":true,"href":"https:\/\/veiraxweb.com\/servicios\/wp-json\/wp\/v2\/comments?post=10"}],"wp:featuredmedia":[{"embeddable":true,"href":"https:\/\/veiraxweb.com\/servicios\/wp-json\/wp\/v2\/media\/11"}],"wp:attachment":[{"href":"https:\/\/veiraxweb.com\/servicios\/wp-json\/wp\/v2\/media?parent=10"}],"wp:term":[{"taxonomy":"product_brand","embeddable":true,"href":"https:\/\/veiraxweb.com\/servicios\/wp-json\/wp\/v2\/product_brand?post=10"},{"taxonomy":"product_cat","embeddable":true,"href":"https:\/\/veiraxweb.com\/servicios\/wp-json\/wp\/v2\/product_cat?post=10"},{"taxonomy":"product_tag","embeddable":true,"href":"https:\/\/veiraxweb.com\/servicios\/wp-json\/wp\/v2\/product_tag?post=10"}],"curies":[{"name":"wp","href":"https:\/\/api.w.org\/{rel}","templated":true}]}}